{"id":8930,"date":"2021-01-26T13:29:10","date_gmt":"2021-01-26T13:29:10","guid":{"rendered":"http:\/\/kutuphane.tema.k12.tr\/index.php\/urun\/bilge-cocuk-canavar-cicekler\/"},"modified":"2021-01-26T13:29:10","modified_gmt":"2021-01-26T13:29:10","slug":"bilge-cocuk-canavar-cicekler","status":"publish","type":"product","link":"https:\/\/kutuphane.tema.k12.tr\/index.php\/urun\/bilge-cocuk-canavar-cicekler\/","title":{"rendered":"B\u0130LGE \u00c7OCUK-CANAVAR \u00c7\u0130\u00c7EKLER"},"content":{"rendered":"<p>MHP EVDEN GET\u0130RD\u0130<\/p>\n","protected":false},"excerpt":{"rendered":"<p>MHP EVDEN GET\u0130RD\u0130<\/p>\n","protected":false},"featured_media":0,"comment_status":"open","ping_status":"closed","template":"","meta":{"_regular_price":[],"currency_symbol":[]},"product_cat":[136],"product_tag":[],"class_list":{"0":"post-8930","1":"product","2":"type-product","3":"status-publish","5":"product_cat-dergi","7":"first","8":"instock","9":"shipping-taxable","10":"product-type-simple"},"post_slider_layout_featured_media_urls":{"thumbnail":"","post_slider_layout_landscape_large":"","post_slider_layout_portrait_large":"","post_slider_layout_square_large":"","post_slider_layout_landscape":"","post_slider_layout_portrait":"","post_slider_layout_square":"","full":""},"_links":{"self":[{"href":"https:\/\/kutuphane.tema.k12.tr\/index.php\/wp-json\/wp\/v2\/product\/8930","targetHints":{"allow":["GET"]}}],"collection":[{"href":"https:\/\/kutuphane.tema.k12.tr\/index.php\/wp-json\/wp\/v2\/product"}],"about":[{"href":"https:\/\/kutuphane.tema.k12.tr\/index.php\/wp-json\/wp\/v2\/types\/product"}],"replies":[{"embeddable":true,"href":"https:\/\/kutuphane.tema.k12.tr\/index.php\/wp-json\/wp\/v2\/comments?post=8930"}],"wp:attachment":[{"href":"https:\/\/kutuphane.tema.k12.tr\/index.php\/wp-json\/wp\/v2\/media?parent=8930"}],"wp:term":[{"taxonomy":"product_cat","embeddable":true,"href":"https:\/\/kutuphane.tema.k12.tr\/index.php\/wp-json\/wp\/v2\/product_cat?post=8930"},{"taxonomy":"product_tag","embeddable":true,"href":"https:\/\/kutuphane.tema.k12.tr\/index.php\/wp-json\/wp\/v2\/product_tag?post=8930"}],"curies":[{"name":"wp","href":"https:\/\/api.w.org\/{rel}","templated":true}]}}