{"id":14229,"date":"2021-04-28T11:32:33","date_gmt":"2021-04-28T11:32:33","guid":{"rendered":"http:\/\/kutuphane.tema.k12.tr\/?post_type=product&#038;p=14229"},"modified":"2021-04-28T11:32:56","modified_gmt":"2021-04-28T11:32:56","slug":"moo-la-la","status":"publish","type":"product","link":"https:\/\/kutuphane.tema.k12.tr\/index.php\/urun\/moo-la-la\/","title":{"rendered":"M\u00d6\u00d6 LA LA ALI\u015eVER\u0130\u015eE \u00c7IKAN \u0130NEK"},"content":{"rendered":"","protected":false},"excerpt":{"rendered":"<p>STEPHAN\u0130E SHAW<\/p>\n","protected":false},"featured_media":14230,"comment_status":"open","ping_status":"closed","template":"","meta":{"_regular_price":[],"currency_symbol":[]},"product_cat":[31],"product_tag":[151],"class_list":{"0":"post-14229","1":"product","2":"type-product","3":"status-publish","4":"has-post-thumbnail","6":"product_cat-hikaye","7":"product_tag-pearson","9":"first","10":"instock","11":"shipping-taxable","12":"product-type-simple"},"post_slider_layout_featured_media_urls":{"thumbnail":["https:\/\/kutuphane.tema.k12.tr\/wp-content\/uploads\/2021\/04\/9885833756722-150x150.jpg",150,150,true],"post_slider_layout_landscape_large":["https:\/\/kutuphane.tema.k12.tr\/wp-content\/uploads\/2021\/04\/9885833756722.jpg",800,800,false],"post_slider_layout_portrait_large":["https:\/\/kutuphane.tema.k12.tr\/wp-content\/uploads\/2021\/04\/9885833756722.jpg",1200,1200,false],"post_slider_layout_square_large":["https:\/\/kutuphane.tema.k12.tr\/wp-content\/uploads\/2021\/04\/9885833756722.jpg",1200,1200,false],"post_slider_layout_landscape":["https:\/\/kutuphane.tema.k12.tr\/wp-content\/uploads\/2021\/04\/9885833756722.jpg",400,400,false],"post_slider_layout_portrait":["https:\/\/kutuphane.tema.k12.tr\/wp-content\/uploads\/2021\/04\/9885833756722.jpg",600,600,false],"post_slider_layout_square":["https:\/\/kutuphane.tema.k12.tr\/wp-content\/uploads\/2021\/04\/9885833756722.jpg",600,600,false],"full":["https:\/\/kutuphane.tema.k12.tr\/wp-content\/uploads\/2021\/04\/9885833756722.jpg",1500,1500,false]},"_links":{"self":[{"href":"https:\/\/kutuphane.tema.k12.tr\/index.php\/wp-json\/wp\/v2\/product\/14229","targetHints":{"allow":["GET"]}}],"collection":[{"href":"https:\/\/kutuphane.tema.k12.tr\/index.php\/wp-json\/wp\/v2\/product"}],"about":[{"href":"https:\/\/kutuphane.tema.k12.tr\/index.php\/wp-json\/wp\/v2\/types\/product"}],"replies":[{"embeddable":true,"href":"https:\/\/kutuphane.tema.k12.tr\/index.php\/wp-json\/wp\/v2\/comments?post=14229"}],"wp:featuredmedia":[{"embeddable":true,"href":"https:\/\/kutuphane.tema.k12.tr\/index.php\/wp-json\/wp\/v2\/media\/14230"}],"wp:attachment":[{"href":"https:\/\/kutuphane.tema.k12.tr\/index.php\/wp-json\/wp\/v2\/media?parent=14229"}],"wp:term":[{"taxonomy":"product_cat","embeddable":true,"href":"https:\/\/kutuphane.tema.k12.tr\/index.php\/wp-json\/wp\/v2\/product_cat?post=14229"},{"taxonomy":"product_tag","embeddable":true,"href":"https:\/\/kutuphane.tema.k12.tr\/index.php\/wp-json\/wp\/v2\/product_tag?post=14229"}],"curies":[{"name":"wp","href":"https:\/\/api.w.org\/{rel}","templated":true}]}}