{"id":14167,"date":"2021-04-28T10:17:40","date_gmt":"2021-04-28T10:17:40","guid":{"rendered":"http:\/\/kutuphane.tema.k12.tr\/?post_type=product&#038;p=14167"},"modified":"2021-04-28T10:17:41","modified_gmt":"2021-04-28T10:17:41","slug":"yaramaz-liderligi-ogreniyor","status":"publish","type":"product","link":"https:\/\/kutuphane.tema.k12.tr\/index.php\/urun\/yaramaz-liderligi-ogreniyor\/","title":{"rendered":"YARAMAZ L\u0130DERL\u0130\u011e\u0130 \u00d6\u011eREN\u0130YOR"},"content":{"rendered":"","protected":false},"excerpt":{"rendered":"","protected":false},"featured_media":14168,"comment_status":"open","ping_status":"closed","template":"","meta":{"_regular_price":[],"currency_symbol":[]},"product_cat":[31],"product_tag":[559],"class_list":{"0":"post-14167","1":"product","2":"type-product","3":"status-publish","4":"has-post-thumbnail","6":"product_cat-hikaye","7":"product_tag-parilti-yayincilik","9":"first","10":"instock","11":"shipping-taxable","12":"product-type-simple"},"post_slider_layout_featured_media_urls":{"thumbnail":["https:\/\/kutuphane.tema.k12.tr\/wp-content\/uploads\/2021\/04\/0000000701036-1-150x150.jpg",150,150,true],"post_slider_layout_landscape_large":["https:\/\/kutuphane.tema.k12.tr\/wp-content\/uploads\/2021\/04\/0000000701036-1.jpg",402,600,false],"post_slider_layout_portrait_large":["https:\/\/kutuphane.tema.k12.tr\/wp-content\/uploads\/2021\/04\/0000000701036-1.jpg",402,600,false],"post_slider_layout_square_large":["https:\/\/kutuphane.tema.k12.tr\/wp-content\/uploads\/2021\/04\/0000000701036-1.jpg",402,600,false],"post_slider_layout_landscape":["https:\/\/kutuphane.tema.k12.tr\/wp-content\/uploads\/2021\/04\/0000000701036-1.jpg",268,400,false],"post_slider_layout_portrait":["https:\/\/kutuphane.tema.k12.tr\/wp-content\/uploads\/2021\/04\/0000000701036-1.jpg",402,600,false],"post_slider_layout_square":["https:\/\/kutuphane.tema.k12.tr\/wp-content\/uploads\/2021\/04\/0000000701036-1.jpg",402,600,false],"full":["https:\/\/kutuphane.tema.k12.tr\/wp-content\/uploads\/2021\/04\/0000000701036-1.jpg",402,600,false]},"_links":{"self":[{"href":"https:\/\/kutuphane.tema.k12.tr\/index.php\/wp-json\/wp\/v2\/product\/14167","targetHints":{"allow":["GET"]}}],"collection":[{"href":"https:\/\/kutuphane.tema.k12.tr\/index.php\/wp-json\/wp\/v2\/product"}],"about":[{"href":"https:\/\/kutuphane.tema.k12.tr\/index.php\/wp-json\/wp\/v2\/types\/product"}],"replies":[{"embeddable":true,"href":"https:\/\/kutuphane.tema.k12.tr\/index.php\/wp-json\/wp\/v2\/comments?post=14167"}],"wp:featuredmedia":[{"embeddable":true,"href":"https:\/\/kutuphane.tema.k12.tr\/index.php\/wp-json\/wp\/v2\/media\/14168"}],"wp:attachment":[{"href":"https:\/\/kutuphane.tema.k12.tr\/index.php\/wp-json\/wp\/v2\/media?parent=14167"}],"wp:term":[{"taxonomy":"product_cat","embeddable":true,"href":"https:\/\/kutuphane.tema.k12.tr\/index.php\/wp-json\/wp\/v2\/product_cat?post=14167"},{"taxonomy":"product_tag","embeddable":true,"href":"https:\/\/kutuphane.tema.k12.tr\/index.php\/wp-json\/wp\/v2\/product_tag?post=14167"}],"curies":[{"name":"wp","href":"https:\/\/api.w.org\/{rel}","templated":true}]}}