{"id":14082,"date":"2021-04-27T12:04:39","date_gmt":"2021-04-27T12:04:39","guid":{"rendered":"http:\/\/kutuphane.tema.k12.tr\/?post_type=product&#038;p=14082"},"modified":"2021-04-27T12:04:39","modified_gmt":"2021-04-27T12:04:39","slug":"guguklu-saatin-kucuk-kusu","status":"publish","type":"product","link":"https:\/\/kutuphane.tema.k12.tr\/index.php\/urun\/guguklu-saatin-kucuk-kusu\/","title":{"rendered":"GUGUKLU SAAT\u0130N K\u00dc\u00c7\u00dcK KU\u015eU"},"content":{"rendered":"","protected":false},"excerpt":{"rendered":"<p>FER\u0130DUN ORAL<\/p>\n","protected":false},"featured_media":14083,"comment_status":"open","ping_status":"closed","template":"","meta":{"_regular_price":[],"currency_symbol":[]},"product_cat":[31],"product_tag":[42],"class_list":{"0":"post-14082","1":"product","2":"type-product","3":"status-publish","4":"has-post-thumbnail","6":"product_cat-hikaye","7":"product_tag-yky","9":"first","10":"instock","11":"shipping-taxable","12":"product-type-simple"},"post_slider_layout_featured_media_urls":{"thumbnail":["https:\/\/kutuphane.tema.k12.tr\/wp-content\/uploads\/2021\/04\/wi_500-8-150x150.jpg",150,150,true],"post_slider_layout_landscape_large":["https:\/\/kutuphane.tema.k12.tr\/wp-content\/uploads\/2021\/04\/wi_500-8.jpg",500,612,false],"post_slider_layout_portrait_large":["https:\/\/kutuphane.tema.k12.tr\/wp-content\/uploads\/2021\/04\/wi_500-8.jpg",500,612,false],"post_slider_layout_square_large":["https:\/\/kutuphane.tema.k12.tr\/wp-content\/uploads\/2021\/04\/wi_500-8.jpg",500,612,false],"post_slider_layout_landscape":["https:\/\/kutuphane.tema.k12.tr\/wp-content\/uploads\/2021\/04\/wi_500-8.jpg",327,400,false],"post_slider_layout_portrait":["https:\/\/kutuphane.tema.k12.tr\/wp-content\/uploads\/2021\/04\/wi_500-8.jpg",500,612,false],"post_slider_layout_square":["https:\/\/kutuphane.tema.k12.tr\/wp-content\/uploads\/2021\/04\/wi_500-8.jpg",490,600,false],"full":["https:\/\/kutuphane.tema.k12.tr\/wp-content\/uploads\/2021\/04\/wi_500-8.jpg",500,612,false]},"_links":{"self":[{"href":"https:\/\/kutuphane.tema.k12.tr\/index.php\/wp-json\/wp\/v2\/product\/14082","targetHints":{"allow":["GET"]}}],"collection":[{"href":"https:\/\/kutuphane.tema.k12.tr\/index.php\/wp-json\/wp\/v2\/product"}],"about":[{"href":"https:\/\/kutuphane.tema.k12.tr\/index.php\/wp-json\/wp\/v2\/types\/product"}],"replies":[{"embeddable":true,"href":"https:\/\/kutuphane.tema.k12.tr\/index.php\/wp-json\/wp\/v2\/comments?post=14082"}],"wp:featuredmedia":[{"embeddable":true,"href":"https:\/\/kutuphane.tema.k12.tr\/index.php\/wp-json\/wp\/v2\/media\/14083"}],"wp:attachment":[{"href":"https:\/\/kutuphane.tema.k12.tr\/index.php\/wp-json\/wp\/v2\/media?parent=14082"}],"wp:term":[{"taxonomy":"product_cat","embeddable":true,"href":"https:\/\/kutuphane.tema.k12.tr\/index.php\/wp-json\/wp\/v2\/product_cat?post=14082"},{"taxonomy":"product_tag","embeddable":true,"href":"https:\/\/kutuphane.tema.k12.tr\/index.php\/wp-json\/wp\/v2\/product_tag?post=14082"}],"curies":[{"name":"wp","href":"https:\/\/api.w.org\/{rel}","templated":true}]}}