{"id":13251,"date":"2021-03-18T13:59:31","date_gmt":"2021-03-18T13:59:31","guid":{"rendered":"http:\/\/kutuphane.tema.k12.tr\/?post_type=product&#038;p=13251"},"modified":"2021-03-18T14:38:44","modified_gmt":"2021-03-18T14:38:44","slug":"merakli-karinca-cimcim-yollarda","status":"publish","type":"product","link":"https:\/\/kutuphane.tema.k12.tr\/index.php\/urun\/merakli-karinca-cimcim-yollarda\/","title":{"rendered":"MERAKLI KARINCA C\u0130MC\u0130M YOLLARDA"},"content":{"rendered":"","protected":false},"excerpt":{"rendered":"<p>B\u0130LG\u0130N ADALI<\/p>\n","protected":false},"featured_media":13252,"comment_status":"open","ping_status":"closed","template":"","meta":{"_regular_price":[],"currency_symbol":[]},"product_cat":[287],"product_tag":[42],"class_list":{"0":"post-13251","1":"product","2":"type-product","3":"status-publish","4":"has-post-thumbnail","6":"product_cat-ilkokul","7":"product_tag-yky","9":"first","10":"instock","11":"shipping-taxable","12":"product-type-simple"},"post_slider_layout_featured_media_urls":{"thumbnail":["https:\/\/kutuphane.tema.k12.tr\/wp-content\/uploads\/2021\/03\/MERAKLI-KARINCA-CIMCIM-YOLLARDA-BILGIN-ADALI-150x150.jpg",150,150,true],"post_slider_layout_landscape_large":["https:\/\/kutuphane.tema.k12.tr\/wp-content\/uploads\/2021\/03\/MERAKLI-KARINCA-CIMCIM-YOLLARDA-BILGIN-ADALI.jpg",299,400,false],"post_slider_layout_portrait_large":["https:\/\/kutuphane.tema.k12.tr\/wp-content\/uploads\/2021\/03\/MERAKLI-KARINCA-CIMCIM-YOLLARDA-BILGIN-ADALI.jpg",299,400,false],"post_slider_layout_square_large":["https:\/\/kutuphane.tema.k12.tr\/wp-content\/uploads\/2021\/03\/MERAKLI-KARINCA-CIMCIM-YOLLARDA-BILGIN-ADALI.jpg",299,400,false],"post_slider_layout_landscape":["https:\/\/kutuphane.tema.k12.tr\/wp-content\/uploads\/2021\/03\/MERAKLI-KARINCA-CIMCIM-YOLLARDA-BILGIN-ADALI.jpg",299,400,false],"post_slider_layout_portrait":["https:\/\/kutuphane.tema.k12.tr\/wp-content\/uploads\/2021\/03\/MERAKLI-KARINCA-CIMCIM-YOLLARDA-BILGIN-ADALI.jpg",299,400,false],"post_slider_layout_square":["https:\/\/kutuphane.tema.k12.tr\/wp-content\/uploads\/2021\/03\/MERAKLI-KARINCA-CIMCIM-YOLLARDA-BILGIN-ADALI.jpg",299,400,false],"full":["https:\/\/kutuphane.tema.k12.tr\/wp-content\/uploads\/2021\/03\/MERAKLI-KARINCA-CIMCIM-YOLLARDA-BILGIN-ADALI.jpg",299,400,false]},"_links":{"self":[{"href":"https:\/\/kutuphane.tema.k12.tr\/index.php\/wp-json\/wp\/v2\/product\/13251","targetHints":{"allow":["GET"]}}],"collection":[{"href":"https:\/\/kutuphane.tema.k12.tr\/index.php\/wp-json\/wp\/v2\/product"}],"about":[{"href":"https:\/\/kutuphane.tema.k12.tr\/index.php\/wp-json\/wp\/v2\/types\/product"}],"replies":[{"embeddable":true,"href":"https:\/\/kutuphane.tema.k12.tr\/index.php\/wp-json\/wp\/v2\/comments?post=13251"}],"wp:featuredmedia":[{"embeddable":true,"href":"https:\/\/kutuphane.tema.k12.tr\/index.php\/wp-json\/wp\/v2\/media\/13252"}],"wp:attachment":[{"href":"https:\/\/kutuphane.tema.k12.tr\/index.php\/wp-json\/wp\/v2\/media?parent=13251"}],"wp:term":[{"taxonomy":"product_cat","embeddable":true,"href":"https:\/\/kutuphane.tema.k12.tr\/index.php\/wp-json\/wp\/v2\/product_cat?post=13251"},{"taxonomy":"product_tag","embeddable":true,"href":"https:\/\/kutuphane.tema.k12.tr\/index.php\/wp-json\/wp\/v2\/product_tag?post=13251"}],"curies":[{"name":"wp","href":"https:\/\/api.w.org\/{rel}","templated":true}]}}