{"id":13222,"date":"2021-03-13T13:01:47","date_gmt":"2021-03-13T13:01:47","guid":{"rendered":"http:\/\/kutuphane.tema.k12.tr\/?post_type=product&#038;p=13222"},"modified":"2021-03-13T13:01:48","modified_gmt":"2021-03-13T13:01:48","slug":"cocuklar-icin-scratch-ile-programlama","status":"publish","type":"product","link":"https:\/\/kutuphane.tema.k12.tr\/index.php\/urun\/cocuklar-icin-scratch-ile-programlama\/","title":{"rendered":"\u00c7OCUKLAR \u0130\u00c7\u0130N SCRATCH \u0130LE PROGRAMLAMA"},"content":{"rendered":"","protected":false},"excerpt":{"rendered":"<p>HAKAN ATA\u015e<\/p>\n","protected":false},"featured_media":13223,"comment_status":"open","ping_status":"closed","template":"","meta":{"_regular_price":[],"currency_symbol":[]},"product_cat":[426],"product_tag":[],"class_list":{"0":"post-13222","1":"product","2":"type-product","3":"status-publish","4":"has-post-thumbnail","6":"product_cat-maker-robotik","8":"first","9":"instock","10":"shipping-taxable","11":"product-type-simple"},"post_slider_layout_featured_media_urls":{"thumbnail":["https:\/\/kutuphane.tema.k12.tr\/wp-content\/uploads\/2021\/03\/Cocuklar-icin-Scratch-Ile-Progra_40396_1-150x150.jpg",150,150,true],"post_slider_layout_landscape_large":["https:\/\/kutuphane.tema.k12.tr\/wp-content\/uploads\/2021\/03\/Cocuklar-icin-Scratch-Ile-Progra_40396_1.jpg",350,350,false],"post_slider_layout_portrait_large":["https:\/\/kutuphane.tema.k12.tr\/wp-content\/uploads\/2021\/03\/Cocuklar-icin-Scratch-Ile-Progra_40396_1.jpg",350,350,false],"post_slider_layout_square_large":["https:\/\/kutuphane.tema.k12.tr\/wp-content\/uploads\/2021\/03\/Cocuklar-icin-Scratch-Ile-Progra_40396_1.jpg",350,350,false],"post_slider_layout_landscape":["https:\/\/kutuphane.tema.k12.tr\/wp-content\/uploads\/2021\/03\/Cocuklar-icin-Scratch-Ile-Progra_40396_1.jpg",350,350,false],"post_slider_layout_portrait":["https:\/\/kutuphane.tema.k12.tr\/wp-content\/uploads\/2021\/03\/Cocuklar-icin-Scratch-Ile-Progra_40396_1.jpg",350,350,false],"post_slider_layout_square":["https:\/\/kutuphane.tema.k12.tr\/wp-content\/uploads\/2021\/03\/Cocuklar-icin-Scratch-Ile-Progra_40396_1.jpg",350,350,false],"full":["https:\/\/kutuphane.tema.k12.tr\/wp-content\/uploads\/2021\/03\/Cocuklar-icin-Scratch-Ile-Progra_40396_1.jpg",350,350,false]},"_links":{"self":[{"href":"https:\/\/kutuphane.tema.k12.tr\/index.php\/wp-json\/wp\/v2\/product\/13222","targetHints":{"allow":["GET"]}}],"collection":[{"href":"https:\/\/kutuphane.tema.k12.tr\/index.php\/wp-json\/wp\/v2\/product"}],"about":[{"href":"https:\/\/kutuphane.tema.k12.tr\/index.php\/wp-json\/wp\/v2\/types\/product"}],"replies":[{"embeddable":true,"href":"https:\/\/kutuphane.tema.k12.tr\/index.php\/wp-json\/wp\/v2\/comments?post=13222"}],"wp:featuredmedia":[{"embeddable":true,"href":"https:\/\/kutuphane.tema.k12.tr\/index.php\/wp-json\/wp\/v2\/media\/13223"}],"wp:attachment":[{"href":"https:\/\/kutuphane.tema.k12.tr\/index.php\/wp-json\/wp\/v2\/media?parent=13222"}],"wp:term":[{"taxonomy":"product_cat","embeddable":true,"href":"https:\/\/kutuphane.tema.k12.tr\/index.php\/wp-json\/wp\/v2\/product_cat?post=13222"},{"taxonomy":"product_tag","embeddable":true,"href":"https:\/\/kutuphane.tema.k12.tr\/index.php\/wp-json\/wp\/v2\/product_tag?post=13222"}],"curies":[{"name":"wp","href":"https:\/\/api.w.org\/{rel}","templated":true}]}}