{"id":13220,"date":"2021-03-13T12:59:15","date_gmt":"2021-03-13T12:59:15","guid":{"rendered":"http:\/\/kutuphane.tema.k12.tr\/?post_type=product&#038;p=13220"},"modified":"2021-03-13T12:59:16","modified_gmt":"2021-03-13T12:59:16","slug":"ben-maker-hayalimi-uretiyorum","status":"publish","type":"product","link":"https:\/\/kutuphane.tema.k12.tr\/index.php\/urun\/ben-maker-hayalimi-uretiyorum\/","title":{"rendered":"BEN MAKER HAYAL\u0130M\u0130 \u00dcRET\u0130YORUM"},"content":{"rendered":"","protected":false},"excerpt":{"rendered":"","protected":false},"featured_media":13221,"comment_status":"open","ping_status":"closed","template":"","meta":{"_regular_price":[],"currency_symbol":[]},"product_cat":[426],"product_tag":[],"class_list":{"0":"post-13220","1":"product","2":"type-product","3":"status-publish","4":"has-post-thumbnail","6":"product_cat-maker-robotik","8":"first","9":"instock","10":"shipping-taxable","11":"product-type-simple"},"post_slider_layout_featured_media_urls":{"thumbnail":["https:\/\/kutuphane.tema.k12.tr\/wp-content\/uploads\/2021\/03\/WhatsApp-Image-2021-03-13-at-15.58.08-150x150.jpeg",150,150,true],"post_slider_layout_landscape_large":["https:\/\/kutuphane.tema.k12.tr\/wp-content\/uploads\/2021\/03\/WhatsApp-Image-2021-03-13-at-15.58.08.jpeg",567,800,false],"post_slider_layout_portrait_large":["https:\/\/kutuphane.tema.k12.tr\/wp-content\/uploads\/2021\/03\/WhatsApp-Image-2021-03-13-at-15.58.08.jpeg",1134,1600,false],"post_slider_layout_square_large":["https:\/\/kutuphane.tema.k12.tr\/wp-content\/uploads\/2021\/03\/WhatsApp-Image-2021-03-13-at-15.58.08.jpeg",851,1200,false],"post_slider_layout_landscape":["https:\/\/kutuphane.tema.k12.tr\/wp-content\/uploads\/2021\/03\/WhatsApp-Image-2021-03-13-at-15.58.08.jpeg",284,400,false],"post_slider_layout_portrait":["https:\/\/kutuphane.tema.k12.tr\/wp-content\/uploads\/2021\/03\/WhatsApp-Image-2021-03-13-at-15.58.08.jpeg",600,847,false],"post_slider_layout_square":["https:\/\/kutuphane.tema.k12.tr\/wp-content\/uploads\/2021\/03\/WhatsApp-Image-2021-03-13-at-15.58.08.jpeg",425,600,false],"full":["https:\/\/kutuphane.tema.k12.tr\/wp-content\/uploads\/2021\/03\/WhatsApp-Image-2021-03-13-at-15.58.08.jpeg",1134,1600,false]},"_links":{"self":[{"href":"https:\/\/kutuphane.tema.k12.tr\/index.php\/wp-json\/wp\/v2\/product\/13220","targetHints":{"allow":["GET"]}}],"collection":[{"href":"https:\/\/kutuphane.tema.k12.tr\/index.php\/wp-json\/wp\/v2\/product"}],"about":[{"href":"https:\/\/kutuphane.tema.k12.tr\/index.php\/wp-json\/wp\/v2\/types\/product"}],"replies":[{"embeddable":true,"href":"https:\/\/kutuphane.tema.k12.tr\/index.php\/wp-json\/wp\/v2\/comments?post=13220"}],"wp:featuredmedia":[{"embeddable":true,"href":"https:\/\/kutuphane.tema.k12.tr\/index.php\/wp-json\/wp\/v2\/media\/13221"}],"wp:attachment":[{"href":"https:\/\/kutuphane.tema.k12.tr\/index.php\/wp-json\/wp\/v2\/media?parent=13220"}],"wp:term":[{"taxonomy":"product_cat","embeddable":true,"href":"https:\/\/kutuphane.tema.k12.tr\/index.php\/wp-json\/wp\/v2\/product_cat?post=13220"},{"taxonomy":"product_tag","embeddable":true,"href":"https:\/\/kutuphane.tema.k12.tr\/index.php\/wp-json\/wp\/v2\/product_tag?post=13220"}],"curies":[{"name":"wp","href":"https:\/\/api.w.org\/{rel}","templated":true}]}}