{"id":13174,"date":"2021-03-13T10:12:36","date_gmt":"2021-03-13T10:12:36","guid":{"rendered":"http:\/\/kutuphane.tema.k12.tr\/?post_type=product&#038;p=13174"},"modified":"2021-03-13T10:15:51","modified_gmt":"2021-03-13T10:15:51","slug":"bilim-teknolojileri-3-ilkogretim-ogrencileri-icin-calisma-ve-etkinlik-kitabi","status":"publish","type":"product","link":"https:\/\/kutuphane.tema.k12.tr\/index.php\/urun\/bilim-teknolojileri-3-ilkogretim-ogrencileri-icin-calisma-ve-etkinlik-kitabi\/","title":{"rendered":"B\u0130L\u0130\u015e\u0130M TEKNOLOJ\u0130LER\u0130-3 \u0130LK\u00d6\u011eRET\u0130M \u00d6\u011eRENC\u0130LER\u0130 \u0130\u00c7\u0130N \u00c7ALI\u015eMA VE ETK\u0130NL\u0130K K\u0130TABI"},"content":{"rendered":"","protected":false},"excerpt":{"rendered":"","protected":false},"featured_media":13175,"comment_status":"open","ping_status":"closed","template":"","meta":{"_regular_price":[],"currency_symbol":[]},"product_cat":[426],"product_tag":[38],"class_list":{"0":"post-13174","1":"product","2":"type-product","3":"status-publish","4":"has-post-thumbnail","6":"product_cat-maker-robotik","7":"product_tag-tubitak","9":"first","10":"instock","11":"shipping-taxable","12":"product-type-simple"},"post_slider_layout_featured_media_urls":{"thumbnail":["https:\/\/kutuphane.tema.k12.tr\/wp-content\/uploads\/2021\/03\/ceren-bilisim-teknolojileri-3-calisma-ve-etkinlik-kitabi20140612213349-150x150.jpg",150,150,true],"post_slider_layout_landscape_large":["https:\/\/kutuphane.tema.k12.tr\/wp-content\/uploads\/2021\/03\/ceren-bilisim-teknolojileri-3-calisma-ve-etkinlik-kitabi20140612213349.jpg",350,517,false],"post_slider_layout_portrait_large":["https:\/\/kutuphane.tema.k12.tr\/wp-content\/uploads\/2021\/03\/ceren-bilisim-teknolojileri-3-calisma-ve-etkinlik-kitabi20140612213349.jpg",350,517,false],"post_slider_layout_square_large":["https:\/\/kutuphane.tema.k12.tr\/wp-content\/uploads\/2021\/03\/ceren-bilisim-teknolojileri-3-calisma-ve-etkinlik-kitabi20140612213349.jpg",350,517,false],"post_slider_layout_landscape":["https:\/\/kutuphane.tema.k12.tr\/wp-content\/uploads\/2021\/03\/ceren-bilisim-teknolojileri-3-calisma-ve-etkinlik-kitabi20140612213349.jpg",271,400,false],"post_slider_layout_portrait":["https:\/\/kutuphane.tema.k12.tr\/wp-content\/uploads\/2021\/03\/ceren-bilisim-teknolojileri-3-calisma-ve-etkinlik-kitabi20140612213349.jpg",350,517,false],"post_slider_layout_square":["https:\/\/kutuphane.tema.k12.tr\/wp-content\/uploads\/2021\/03\/ceren-bilisim-teknolojileri-3-calisma-ve-etkinlik-kitabi20140612213349.jpg",350,517,false],"full":["https:\/\/kutuphane.tema.k12.tr\/wp-content\/uploads\/2021\/03\/ceren-bilisim-teknolojileri-3-calisma-ve-etkinlik-kitabi20140612213349.jpg",350,517,false]},"_links":{"self":[{"href":"https:\/\/kutuphane.tema.k12.tr\/index.php\/wp-json\/wp\/v2\/product\/13174","targetHints":{"allow":["GET"]}}],"collection":[{"href":"https:\/\/kutuphane.tema.k12.tr\/index.php\/wp-json\/wp\/v2\/product"}],"about":[{"href":"https:\/\/kutuphane.tema.k12.tr\/index.php\/wp-json\/wp\/v2\/types\/product"}],"replies":[{"embeddable":true,"href":"https:\/\/kutuphane.tema.k12.tr\/index.php\/wp-json\/wp\/v2\/comments?post=13174"}],"wp:featuredmedia":[{"embeddable":true,"href":"https:\/\/kutuphane.tema.k12.tr\/index.php\/wp-json\/wp\/v2\/media\/13175"}],"wp:attachment":[{"href":"https:\/\/kutuphane.tema.k12.tr\/index.php\/wp-json\/wp\/v2\/media?parent=13174"}],"wp:term":[{"taxonomy":"product_cat","embeddable":true,"href":"https:\/\/kutuphane.tema.k12.tr\/index.php\/wp-json\/wp\/v2\/product_cat?post=13174"},{"taxonomy":"product_tag","embeddable":true,"href":"https:\/\/kutuphane.tema.k12.tr\/index.php\/wp-json\/wp\/v2\/product_tag?post=13174"}],"curies":[{"name":"wp","href":"https:\/\/api.w.org\/{rel}","templated":true}]}}