{"id":11935,"date":"2021-02-10T12:55:50","date_gmt":"2021-02-10T12:55:50","guid":{"rendered":"http:\/\/kutuphane.tema.k12.tr\/?post_type=product&#038;p=11935"},"modified":"2021-02-10T12:55:51","modified_gmt":"2021-02-10T12:55:51","slug":"anne-baba-cocuk-oykuleri","status":"publish","type":"product","link":"https:\/\/kutuphane.tema.k12.tr\/index.php\/urun\/anne-baba-cocuk-oykuleri\/","title":{"rendered":"ANNE BABA \u00c7OCUK \u00d6YK\u00dcLER\u0130"},"content":{"rendered":"","protected":false},"excerpt":{"rendered":"<p>MURAT \u00c7ET\u0130NKAYA<\/p>\n","protected":false},"featured_media":11936,"comment_status":"open","ping_status":"closed","template":"","meta":{"_regular_price":[],"currency_symbol":[]},"product_cat":[556],"product_tag":[105],"class_list":{"0":"post-11935","1":"product","2":"type-product","3":"status-publish","4":"has-post-thumbnail","6":"product_cat-ogretmen-kaynaklari-2","7":"product_tag-timas","9":"first","10":"instock","11":"shipping-taxable","12":"product-type-simple"},"post_slider_layout_featured_media_urls":{"thumbnail":["https:\/\/kutuphane.tema.k12.tr\/wp-content\/uploads\/2021\/02\/anne-baba-cocuk-oykuleri-e3f5d72e73d8427381a9649107907076-150x150.jpg",150,150,true],"post_slider_layout_landscape_large":["https:\/\/kutuphane.tema.k12.tr\/wp-content\/uploads\/2021\/02\/anne-baba-cocuk-oykuleri-e3f5d72e73d8427381a9649107907076.jpg",320,468,false],"post_slider_layout_portrait_large":["https:\/\/kutuphane.tema.k12.tr\/wp-content\/uploads\/2021\/02\/anne-baba-cocuk-oykuleri-e3f5d72e73d8427381a9649107907076.jpg",320,468,false],"post_slider_layout_square_large":["https:\/\/kutuphane.tema.k12.tr\/wp-content\/uploads\/2021\/02\/anne-baba-cocuk-oykuleri-e3f5d72e73d8427381a9649107907076.jpg",320,468,false],"post_slider_layout_landscape":["https:\/\/kutuphane.tema.k12.tr\/wp-content\/uploads\/2021\/02\/anne-baba-cocuk-oykuleri-e3f5d72e73d8427381a9649107907076.jpg",274,400,false],"post_slider_layout_portrait":["https:\/\/kutuphane.tema.k12.tr\/wp-content\/uploads\/2021\/02\/anne-baba-cocuk-oykuleri-e3f5d72e73d8427381a9649107907076.jpg",320,468,false],"post_slider_layout_square":["https:\/\/kutuphane.tema.k12.tr\/wp-content\/uploads\/2021\/02\/anne-baba-cocuk-oykuleri-e3f5d72e73d8427381a9649107907076.jpg",320,468,false],"full":["https:\/\/kutuphane.tema.k12.tr\/wp-content\/uploads\/2021\/02\/anne-baba-cocuk-oykuleri-e3f5d72e73d8427381a9649107907076.jpg",320,468,false]},"_links":{"self":[{"href":"https:\/\/kutuphane.tema.k12.tr\/index.php\/wp-json\/wp\/v2\/product\/11935","targetHints":{"allow":["GET"]}}],"collection":[{"href":"https:\/\/kutuphane.tema.k12.tr\/index.php\/wp-json\/wp\/v2\/product"}],"about":[{"href":"https:\/\/kutuphane.tema.k12.tr\/index.php\/wp-json\/wp\/v2\/types\/product"}],"replies":[{"embeddable":true,"href":"https:\/\/kutuphane.tema.k12.tr\/index.php\/wp-json\/wp\/v2\/comments?post=11935"}],"wp:featuredmedia":[{"embeddable":true,"href":"https:\/\/kutuphane.tema.k12.tr\/index.php\/wp-json\/wp\/v2\/media\/11936"}],"wp:attachment":[{"href":"https:\/\/kutuphane.tema.k12.tr\/index.php\/wp-json\/wp\/v2\/media?parent=11935"}],"wp:term":[{"taxonomy":"product_cat","embeddable":true,"href":"https:\/\/kutuphane.tema.k12.tr\/index.php\/wp-json\/wp\/v2\/product_cat?post=11935"},{"taxonomy":"product_tag","embeddable":true,"href":"https:\/\/kutuphane.tema.k12.tr\/index.php\/wp-json\/wp\/v2\/product_tag?post=11935"}],"curies":[{"name":"wp","href":"https:\/\/api.w.org\/{rel}","templated":true}]}}