{"id":11722,"date":"2021-02-09T12:27:23","date_gmt":"2021-02-09T12:27:23","guid":{"rendered":"http:\/\/kutuphane.tema.k12.tr\/?post_type=product&#038;p=11722"},"modified":"2021-02-09T12:27:48","modified_gmt":"2021-02-09T12:27:48","slug":"karakterler-egitimi-cemile-ve-arkadasi-prenses-elbisesi-giyiyor","status":"publish","type":"product","link":"https:\/\/kutuphane.tema.k12.tr\/index.php\/urun\/karakterler-egitimi-cemile-ve-arkadasi-prenses-elbisesi-giyiyor\/","title":{"rendered":"KARAKTERLER E\u011e\u0130T\u0130M\u0130-CEM\u0130LE VE ARKADA\u015eI PRENSES ELB\u0130SES\u0130 G\u0130Y\u0130YOR"},"content":{"rendered":"","protected":false},"excerpt":{"rendered":"","protected":false},"featured_media":11723,"comment_status":"open","ping_status":"closed","template":"","meta":{"_regular_price":[],"currency_symbol":[]},"product_cat":[112],"product_tag":[572],"class_list":{"0":"post-11722","1":"product","2":"type-product","3":"status-publish","4":"has-post-thumbnail","6":"product_cat-degerler-egitimi","7":"product_tag-kaktus-cocuk","9":"first","10":"instock","11":"shipping-taxable","12":"product-type-simple"},"post_slider_layout_featured_media_urls":{"thumbnail":["https:\/\/kutuphane.tema.k12.tr\/wp-content\/uploads\/2021\/02\/0000000303223-1-150x150.jpg",150,150,true],"post_slider_layout_landscape_large":["https:\/\/kutuphane.tema.k12.tr\/wp-content\/uploads\/2021\/02\/0000000303223-1.jpg",597,600,false],"post_slider_layout_portrait_large":["https:\/\/kutuphane.tema.k12.tr\/wp-content\/uploads\/2021\/02\/0000000303223-1.jpg",597,600,false],"post_slider_layout_square_large":["https:\/\/kutuphane.tema.k12.tr\/wp-content\/uploads\/2021\/02\/0000000303223-1.jpg",597,600,false],"post_slider_layout_landscape":["https:\/\/kutuphane.tema.k12.tr\/wp-content\/uploads\/2021\/02\/0000000303223-1.jpg",398,400,false],"post_slider_layout_portrait":["https:\/\/kutuphane.tema.k12.tr\/wp-content\/uploads\/2021\/02\/0000000303223-1.jpg",597,600,false],"post_slider_layout_square":["https:\/\/kutuphane.tema.k12.tr\/wp-content\/uploads\/2021\/02\/0000000303223-1.jpg",597,600,false],"full":["https:\/\/kutuphane.tema.k12.tr\/wp-content\/uploads\/2021\/02\/0000000303223-1.jpg",597,600,false]},"_links":{"self":[{"href":"https:\/\/kutuphane.tema.k12.tr\/index.php\/wp-json\/wp\/v2\/product\/11722","targetHints":{"allow":["GET"]}}],"collection":[{"href":"https:\/\/kutuphane.tema.k12.tr\/index.php\/wp-json\/wp\/v2\/product"}],"about":[{"href":"https:\/\/kutuphane.tema.k12.tr\/index.php\/wp-json\/wp\/v2\/types\/product"}],"replies":[{"embeddable":true,"href":"https:\/\/kutuphane.tema.k12.tr\/index.php\/wp-json\/wp\/v2\/comments?post=11722"}],"wp:featuredmedia":[{"embeddable":true,"href":"https:\/\/kutuphane.tema.k12.tr\/index.php\/wp-json\/wp\/v2\/media\/11723"}],"wp:attachment":[{"href":"https:\/\/kutuphane.tema.k12.tr\/index.php\/wp-json\/wp\/v2\/media?parent=11722"}],"wp:term":[{"taxonomy":"product_cat","embeddable":true,"href":"https:\/\/kutuphane.tema.k12.tr\/index.php\/wp-json\/wp\/v2\/product_cat?post=11722"},{"taxonomy":"product_tag","embeddable":true,"href":"https:\/\/kutuphane.tema.k12.tr\/index.php\/wp-json\/wp\/v2\/product_tag?post=11722"}],"curies":[{"name":"wp","href":"https:\/\/api.w.org\/{rel}","templated":true}]}}