{"id":11718,"date":"2021-02-09T12:17:08","date_gmt":"2021-02-09T12:17:08","guid":{"rendered":"http:\/\/kutuphane.tema.k12.tr\/?post_type=product&#038;p=11718"},"modified":"2021-02-09T12:17:45","modified_gmt":"2021-02-09T12:17:45","slug":"cocuklar-icin-kisa-hikayelerle-degerler-dizisi-bencil-olmama","status":"publish","type":"product","link":"https:\/\/kutuphane.tema.k12.tr\/index.php\/urun\/cocuklar-icin-kisa-hikayelerle-degerler-dizisi-bencil-olmama\/","title":{"rendered":"\u00c7OCUKLAR \u0130\u00c7\u0130N KISA H\u0130KAYELERLE DE\u011eERLER D\u0130Z\u0130S\u0130-BENC\u0130L OLMAMA"},"content":{"rendered":"","protected":false},"excerpt":{"rendered":"","protected":false},"featured_media":11719,"comment_status":"open","ping_status":"closed","template":"","meta":{"_regular_price":[],"currency_symbol":[]},"product_cat":[112],"product_tag":[559],"class_list":{"0":"post-11718","1":"product","2":"type-product","3":"status-publish","4":"has-post-thumbnail","6":"product_cat-degerler-egitimi","7":"product_tag-parilti-yayincilik","9":"first","10":"instock","11":"shipping-taxable","12":"product-type-simple"},"post_slider_layout_featured_media_urls":{"thumbnail":["https:\/\/kutuphane.tema.k12.tr\/wp-content\/uploads\/2021\/02\/0000000586273-1-150x150.jpg",150,150,true],"post_slider_layout_landscape_large":["https:\/\/kutuphane.tema.k12.tr\/wp-content\/uploads\/2021\/02\/0000000586273-1.jpg",268,400,false],"post_slider_layout_portrait_large":["https:\/\/kutuphane.tema.k12.tr\/wp-content\/uploads\/2021\/02\/0000000586273-1.jpg",268,400,false],"post_slider_layout_square_large":["https:\/\/kutuphane.tema.k12.tr\/wp-content\/uploads\/2021\/02\/0000000586273-1.jpg",268,400,false],"post_slider_layout_landscape":["https:\/\/kutuphane.tema.k12.tr\/wp-content\/uploads\/2021\/02\/0000000586273-1.jpg",268,400,false],"post_slider_layout_portrait":["https:\/\/kutuphane.tema.k12.tr\/wp-content\/uploads\/2021\/02\/0000000586273-1.jpg",268,400,false],"post_slider_layout_square":["https:\/\/kutuphane.tema.k12.tr\/wp-content\/uploads\/2021\/02\/0000000586273-1.jpg",268,400,false],"full":["https:\/\/kutuphane.tema.k12.tr\/wp-content\/uploads\/2021\/02\/0000000586273-1.jpg",268,400,false]},"_links":{"self":[{"href":"https:\/\/kutuphane.tema.k12.tr\/index.php\/wp-json\/wp\/v2\/product\/11718","targetHints":{"allow":["GET"]}}],"collection":[{"href":"https:\/\/kutuphane.tema.k12.tr\/index.php\/wp-json\/wp\/v2\/product"}],"about":[{"href":"https:\/\/kutuphane.tema.k12.tr\/index.php\/wp-json\/wp\/v2\/types\/product"}],"replies":[{"embeddable":true,"href":"https:\/\/kutuphane.tema.k12.tr\/index.php\/wp-json\/wp\/v2\/comments?post=11718"}],"wp:featuredmedia":[{"embeddable":true,"href":"https:\/\/kutuphane.tema.k12.tr\/index.php\/wp-json\/wp\/v2\/media\/11719"}],"wp:attachment":[{"href":"https:\/\/kutuphane.tema.k12.tr\/index.php\/wp-json\/wp\/v2\/media?parent=11718"}],"wp:term":[{"taxonomy":"product_cat","embeddable":true,"href":"https:\/\/kutuphane.tema.k12.tr\/index.php\/wp-json\/wp\/v2\/product_cat?post=11718"},{"taxonomy":"product_tag","embeddable":true,"href":"https:\/\/kutuphane.tema.k12.tr\/index.php\/wp-json\/wp\/v2\/product_tag?post=11718"}],"curies":[{"name":"wp","href":"https:\/\/api.w.org\/{rel}","templated":true}]}}