{"id":11592,"date":"2021-02-09T08:03:51","date_gmt":"2021-02-09T08:03:51","guid":{"rendered":"http:\/\/kutuphane.tema.k12.tr\/?post_type=product&#038;p=11592"},"modified":"2021-02-09T08:04:25","modified_gmt":"2021-02-09T08:04:25","slug":"degerli-can-dostum-nereye-gidiyoruz","status":"publish","type":"product","link":"https:\/\/kutuphane.tema.k12.tr\/index.php\/urun\/degerli-can-dostum-nereye-gidiyoruz\/","title":{"rendered":"DE\u011eERL\u0130 CAN DOSTUM NEREYE G\u0130D\u0130YORUZ?"},"content":{"rendered":"","protected":false},"excerpt":{"rendered":"<p>AYG\u00dcN ASLAN<\/p>\n","protected":false},"featured_media":11593,"comment_status":"open","ping_status":"closed","template":"","meta":{"_regular_price":[],"currency_symbol":[]},"product_cat":[112],"product_tag":[563],"class_list":{"0":"post-11592","1":"product","2":"type-product","3":"status-publish","4":"has-post-thumbnail","6":"product_cat-degerler-egitimi","7":"product_tag-5-renk-yayinevi","9":"first","10":"instock","11":"shipping-taxable","12":"product-type-simple"},"post_slider_layout_featured_media_urls":{"thumbnail":["https:\/\/kutuphane.tema.k12.tr\/wp-content\/uploads\/2021\/02\/degerli-can-dostum-7-kitapc55cdfc8e241af6e4425e8d54cd1b782-150x150.jpg",150,150,true],"post_slider_layout_landscape_large":["https:\/\/kutuphane.tema.k12.tr\/wp-content\/uploads\/2021\/02\/degerli-can-dostum-7-kitapc55cdfc8e241af6e4425e8d54cd1b782.jpg",174,250,false],"post_slider_layout_portrait_large":["https:\/\/kutuphane.tema.k12.tr\/wp-content\/uploads\/2021\/02\/degerli-can-dostum-7-kitapc55cdfc8e241af6e4425e8d54cd1b782.jpg",174,250,false],"post_slider_layout_square_large":["https:\/\/kutuphane.tema.k12.tr\/wp-content\/uploads\/2021\/02\/degerli-can-dostum-7-kitapc55cdfc8e241af6e4425e8d54cd1b782.jpg",174,250,false],"post_slider_layout_landscape":["https:\/\/kutuphane.tema.k12.tr\/wp-content\/uploads\/2021\/02\/degerli-can-dostum-7-kitapc55cdfc8e241af6e4425e8d54cd1b782.jpg",174,250,false],"post_slider_layout_portrait":["https:\/\/kutuphane.tema.k12.tr\/wp-content\/uploads\/2021\/02\/degerli-can-dostum-7-kitapc55cdfc8e241af6e4425e8d54cd1b782.jpg",174,250,false],"post_slider_layout_square":["https:\/\/kutuphane.tema.k12.tr\/wp-content\/uploads\/2021\/02\/degerli-can-dostum-7-kitapc55cdfc8e241af6e4425e8d54cd1b782.jpg",174,250,false],"full":["https:\/\/kutuphane.tema.k12.tr\/wp-content\/uploads\/2021\/02\/degerli-can-dostum-7-kitapc55cdfc8e241af6e4425e8d54cd1b782.jpg",174,250,false]},"_links":{"self":[{"href":"https:\/\/kutuphane.tema.k12.tr\/index.php\/wp-json\/wp\/v2\/product\/11592","targetHints":{"allow":["GET"]}}],"collection":[{"href":"https:\/\/kutuphane.tema.k12.tr\/index.php\/wp-json\/wp\/v2\/product"}],"about":[{"href":"https:\/\/kutuphane.tema.k12.tr\/index.php\/wp-json\/wp\/v2\/types\/product"}],"replies":[{"embeddable":true,"href":"https:\/\/kutuphane.tema.k12.tr\/index.php\/wp-json\/wp\/v2\/comments?post=11592"}],"wp:featuredmedia":[{"embeddable":true,"href":"https:\/\/kutuphane.tema.k12.tr\/index.php\/wp-json\/wp\/v2\/media\/11593"}],"wp:attachment":[{"href":"https:\/\/kutuphane.tema.k12.tr\/index.php\/wp-json\/wp\/v2\/media?parent=11592"}],"wp:term":[{"taxonomy":"product_cat","embeddable":true,"href":"https:\/\/kutuphane.tema.k12.tr\/index.php\/wp-json\/wp\/v2\/product_cat?post=11592"},{"taxonomy":"product_tag","embeddable":true,"href":"https:\/\/kutuphane.tema.k12.tr\/index.php\/wp-json\/wp\/v2\/product_tag?post=11592"}],"curies":[{"name":"wp","href":"https:\/\/api.w.org\/{rel}","templated":true}]}}