{"id":11576,"date":"2021-02-09T07:25:59","date_gmt":"2021-02-09T07:25:59","guid":{"rendered":"http:\/\/kutuphane.tema.k12.tr\/?post_type=product&#038;p=11576"},"modified":"2021-02-09T07:26:38","modified_gmt":"2021-02-09T07:26:38","slug":"pikolo-ile-felsefe-ogreniyorum-hayir-ben-yapmadim-2","status":"publish","type":"product","link":"https:\/\/kutuphane.tema.k12.tr\/index.php\/urun\/pikolo-ile-felsefe-ogreniyorum-hayir-ben-yapmadim-2\/","title":{"rendered":"P\u0130KOLO \u0130LE FELSEFE \u00d6\u011eREN\u0130YORUM-HAYIR BEN YAPMADIM!"},"content":{"rendered":"","protected":false},"excerpt":{"rendered":"<p>MICHEL PIQUEMAL<\/p>\n","protected":false},"featured_media":11577,"comment_status":"open","ping_status":"closed","template":"","meta":{"_regular_price":[],"currency_symbol":[]},"product_cat":[112],"product_tag":[130],"class_list":{"0":"post-11576","1":"product","2":"type-product","3":"status-publish","4":"has-post-thumbnail","6":"product_cat-degerler-egitimi","7":"product_tag-odtu","9":"first","10":"instock","11":"shipping-taxable","12":"product-type-simple"},"post_slider_layout_featured_media_urls":{"thumbnail":["https:\/\/kutuphane.tema.k12.tr\/wp-content\/uploads\/2021\/02\/pikolo-ile-felsefe-ogreniyorum-hayir-ben-yapmadimee46f9e356d02c00a03cc51ffb7b92d7-150x150.jpg",150,150,true],"post_slider_layout_landscape_large":["https:\/\/kutuphane.tema.k12.tr\/wp-content\/uploads\/2021\/02\/pikolo-ile-felsefe-ogreniyorum-hayir-ben-yapmadimee46f9e356d02c00a03cc51ffb7b92d7.jpg",320,414,false],"post_slider_layout_portrait_large":["https:\/\/kutuphane.tema.k12.tr\/wp-content\/uploads\/2021\/02\/pikolo-ile-felsefe-ogreniyorum-hayir-ben-yapmadimee46f9e356d02c00a03cc51ffb7b92d7.jpg",320,414,false],"post_slider_layout_square_large":["https:\/\/kutuphane.tema.k12.tr\/wp-content\/uploads\/2021\/02\/pikolo-ile-felsefe-ogreniyorum-hayir-ben-yapmadimee46f9e356d02c00a03cc51ffb7b92d7.jpg",320,414,false],"post_slider_layout_landscape":["https:\/\/kutuphane.tema.k12.tr\/wp-content\/uploads\/2021\/02\/pikolo-ile-felsefe-ogreniyorum-hayir-ben-yapmadimee46f9e356d02c00a03cc51ffb7b92d7.jpg",309,400,false],"post_slider_layout_portrait":["https:\/\/kutuphane.tema.k12.tr\/wp-content\/uploads\/2021\/02\/pikolo-ile-felsefe-ogreniyorum-hayir-ben-yapmadimee46f9e356d02c00a03cc51ffb7b92d7.jpg",320,414,false],"post_slider_layout_square":["https:\/\/kutuphane.tema.k12.tr\/wp-content\/uploads\/2021\/02\/pikolo-ile-felsefe-ogreniyorum-hayir-ben-yapmadimee46f9e356d02c00a03cc51ffb7b92d7.jpg",320,414,false],"full":["https:\/\/kutuphane.tema.k12.tr\/wp-content\/uploads\/2021\/02\/pikolo-ile-felsefe-ogreniyorum-hayir-ben-yapmadimee46f9e356d02c00a03cc51ffb7b92d7.jpg",320,414,false]},"_links":{"self":[{"href":"https:\/\/kutuphane.tema.k12.tr\/index.php\/wp-json\/wp\/v2\/product\/11576","targetHints":{"allow":["GET"]}}],"collection":[{"href":"https:\/\/kutuphane.tema.k12.tr\/index.php\/wp-json\/wp\/v2\/product"}],"about":[{"href":"https:\/\/kutuphane.tema.k12.tr\/index.php\/wp-json\/wp\/v2\/types\/product"}],"replies":[{"embeddable":true,"href":"https:\/\/kutuphane.tema.k12.tr\/index.php\/wp-json\/wp\/v2\/comments?post=11576"}],"wp:featuredmedia":[{"embeddable":true,"href":"https:\/\/kutuphane.tema.k12.tr\/index.php\/wp-json\/wp\/v2\/media\/11577"}],"wp:attachment":[{"href":"https:\/\/kutuphane.tema.k12.tr\/index.php\/wp-json\/wp\/v2\/media?parent=11576"}],"wp:term":[{"taxonomy":"product_cat","embeddable":true,"href":"https:\/\/kutuphane.tema.k12.tr\/index.php\/wp-json\/wp\/v2\/product_cat?post=11576"},{"taxonomy":"product_tag","embeddable":true,"href":"https:\/\/kutuphane.tema.k12.tr\/index.php\/wp-json\/wp\/v2\/product_tag?post=11576"}],"curies":[{"name":"wp","href":"https:\/\/api.w.org\/{rel}","templated":true}]}}