{"id":11022,"date":"2021-01-26T13:43:48","date_gmt":"2021-01-26T13:43:48","guid":{"rendered":"http:\/\/kutuphane.tema.k12.tr\/index.php\/urun\/mindfulness-cocuklar-icin-bilincli-farkindalik\/"},"modified":"2021-01-27T06:56:26","modified_gmt":"2021-01-27T06:56:26","slug":"mindfulness-cocuklar-icin-bilincli-farkindalik","status":"publish","type":"product","link":"https:\/\/kutuphane.tema.k12.tr\/index.php\/urun\/mindfulness-cocuklar-icin-bilincli-farkindalik\/","title":{"rendered":"M\u0130NDFULNESS \u00c7OCUKLAR \u0130\u00c7\u0130N B\u0130L\u0130N\u00c7L\u0130 FARKINDALIK"},"content":{"rendered":"","protected":false},"excerpt":{"rendered":"<p>DO\u00c7.DR. Z\u00dcMRA ATALAY<\/p>\n","protected":false},"featured_media":11026,"comment_status":"open","ping_status":"closed","template":"","meta":{"_regular_price":[],"currency_symbol":[]},"product_cat":[548],"product_tag":[183,184],"class_list":{"0":"post-11022","1":"product","2":"type-product","3":"status-publish","4":"has-post-thumbnail","6":"product_cat-rehberlik","7":"product_tag-masal","8":"product_tag-perest","10":"first","11":"instock","12":"shipping-taxable","13":"product-type-simple"},"post_slider_layout_featured_media_urls":{"thumbnail":["https:\/\/kutuphane.tema.k12.tr\/wp-content\/uploads\/2021\/01\/MINDFULNESS-COCUKLAR-ICIN-BILINCLI-FARKINDALIK-1-150x150.jpg",150,150,true],"post_slider_layout_landscape_large":["https:\/\/kutuphane.tema.k12.tr\/wp-content\/uploads\/2021\/01\/MINDFULNESS-COCUKLAR-ICIN-BILINCLI-FARKINDALIK-1.jpg",400,592,false],"post_slider_layout_portrait_large":["https:\/\/kutuphane.tema.k12.tr\/wp-content\/uploads\/2021\/01\/MINDFULNESS-COCUKLAR-ICIN-BILINCLI-FARKINDALIK-1.jpg",400,592,false],"post_slider_layout_square_large":["https:\/\/kutuphane.tema.k12.tr\/wp-content\/uploads\/2021\/01\/MINDFULNESS-COCUKLAR-ICIN-BILINCLI-FARKINDALIK-1.jpg",400,592,false],"post_slider_layout_landscape":["https:\/\/kutuphane.tema.k12.tr\/wp-content\/uploads\/2021\/01\/MINDFULNESS-COCUKLAR-ICIN-BILINCLI-FARKINDALIK-1.jpg",270,400,false],"post_slider_layout_portrait":["https:\/\/kutuphane.tema.k12.tr\/wp-content\/uploads\/2021\/01\/MINDFULNESS-COCUKLAR-ICIN-BILINCLI-FARKINDALIK-1.jpg",400,592,false],"post_slider_layout_square":["https:\/\/kutuphane.tema.k12.tr\/wp-content\/uploads\/2021\/01\/MINDFULNESS-COCUKLAR-ICIN-BILINCLI-FARKINDALIK-1.jpg",400,592,false],"full":["https:\/\/kutuphane.tema.k12.tr\/wp-content\/uploads\/2021\/01\/MINDFULNESS-COCUKLAR-ICIN-BILINCLI-FARKINDALIK-1.jpg",400,592,false]},"_links":{"self":[{"href":"https:\/\/kutuphane.tema.k12.tr\/index.php\/wp-json\/wp\/v2\/product\/11022","targetHints":{"allow":["GET"]}}],"collection":[{"href":"https:\/\/kutuphane.tema.k12.tr\/index.php\/wp-json\/wp\/v2\/product"}],"about":[{"href":"https:\/\/kutuphane.tema.k12.tr\/index.php\/wp-json\/wp\/v2\/types\/product"}],"replies":[{"embeddable":true,"href":"https:\/\/kutuphane.tema.k12.tr\/index.php\/wp-json\/wp\/v2\/comments?post=11022"}],"wp:featuredmedia":[{"embeddable":true,"href":"https:\/\/kutuphane.tema.k12.tr\/index.php\/wp-json\/wp\/v2\/media\/11026"}],"wp:attachment":[{"href":"https:\/\/kutuphane.tema.k12.tr\/index.php\/wp-json\/wp\/v2\/media?parent=11022"}],"wp:term":[{"taxonomy":"product_cat","embeddable":true,"href":"https:\/\/kutuphane.tema.k12.tr\/index.php\/wp-json\/wp\/v2\/product_cat?post=11022"},{"taxonomy":"product_tag","embeddable":true,"href":"https:\/\/kutuphane.tema.k12.tr\/index.php\/wp-json\/wp\/v2\/product_tag?post=11022"}],"curies":[{"name":"wp","href":"https:\/\/api.w.org\/{rel}","templated":true}]}}