{"id":11011,"date":"2021-01-26T13:43:41","date_gmt":"2021-01-26T13:43:41","guid":{"rendered":"http:\/\/kutuphane.tema.k12.tr\/index.php\/urun\/degerler-egitimi-11-kis-pastasi\/"},"modified":"2021-01-27T07:35:00","modified_gmt":"2021-01-27T07:35:00","slug":"degerler-egitimi-11-kis-pastasi","status":"publish","type":"product","link":"https:\/\/kutuphane.tema.k12.tr\/index.php\/urun\/degerler-egitimi-11-kis-pastasi\/","title":{"rendered":"DE\u011eERLER E\u011e\u0130T\u0130M\u0130-11 KI\u015e PASTASI"},"content":{"rendered":"<p>DE\u011eERLER E\u011e\u0130T\u0130M\u0130 K\u0130TABI AMA REHBERL\u0130K B\u00d6L\u00dcM\u00dcNE EKLEMEM \u0130STEND\u0130 (D\u0130DEM \u015eEN)<\/p>\n","protected":false},"excerpt":{"rendered":"<p>DE\u011eERLER E\u011e\u0130T\u0130M\u0130 K\u0130TABI AMA REHBERL\u0130K B\u00d6L\u00dcM\u00dcNE EKLEMEM \u0130STEND\u0130 (D\u0130DEM \u015eEN)<\/p>\n","protected":false},"featured_media":11044,"comment_status":"open","ping_status":"closed","template":"","meta":{"_regular_price":[],"currency_symbol":[]},"product_cat":[548],"product_tag":[47,50],"class_list":{"0":"post-11011","1":"product","2":"type-product","3":"status-publish","4":"has-post-thumbnail","6":"product_cat-rehberlik","7":"product_tag-cocuk","8":"product_tag-erdem","10":"first","11":"instock","12":"shipping-taxable","13":"product-type-simple"},"post_slider_layout_featured_media_urls":{"thumbnail":["https:\/\/kutuphane.tema.k12.tr\/wp-content\/uploads\/2021\/01\/DEGERLER-EGITIMI-11-KIS-PASTASI-150x150.jpg",150,150,true],"post_slider_layout_landscape_large":["https:\/\/kutuphane.tema.k12.tr\/wp-content\/uploads\/2021\/01\/DEGERLER-EGITIMI-11-KIS-PASTASI.jpg",280,413,false],"post_slider_layout_portrait_large":["https:\/\/kutuphane.tema.k12.tr\/wp-content\/uploads\/2021\/01\/DEGERLER-EGITIMI-11-KIS-PASTASI.jpg",280,413,false],"post_slider_layout_square_large":["https:\/\/kutuphane.tema.k12.tr\/wp-content\/uploads\/2021\/01\/DEGERLER-EGITIMI-11-KIS-PASTASI.jpg",280,413,false],"post_slider_layout_landscape":["https:\/\/kutuphane.tema.k12.tr\/wp-content\/uploads\/2021\/01\/DEGERLER-EGITIMI-11-KIS-PASTASI.jpg",271,400,false],"post_slider_layout_portrait":["https:\/\/kutuphane.tema.k12.tr\/wp-content\/uploads\/2021\/01\/DEGERLER-EGITIMI-11-KIS-PASTASI.jpg",280,413,false],"post_slider_layout_square":["https:\/\/kutuphane.tema.k12.tr\/wp-content\/uploads\/2021\/01\/DEGERLER-EGITIMI-11-KIS-PASTASI.jpg",280,413,false],"full":["https:\/\/kutuphane.tema.k12.tr\/wp-content\/uploads\/2021\/01\/DEGERLER-EGITIMI-11-KIS-PASTASI.jpg",280,413,false]},"_links":{"self":[{"href":"https:\/\/kutuphane.tema.k12.tr\/index.php\/wp-json\/wp\/v2\/product\/11011","targetHints":{"allow":["GET"]}}],"collection":[{"href":"https:\/\/kutuphane.tema.k12.tr\/index.php\/wp-json\/wp\/v2\/product"}],"about":[{"href":"https:\/\/kutuphane.tema.k12.tr\/index.php\/wp-json\/wp\/v2\/types\/product"}],"replies":[{"embeddable":true,"href":"https:\/\/kutuphane.tema.k12.tr\/index.php\/wp-json\/wp\/v2\/comments?post=11011"}],"wp:featuredmedia":[{"embeddable":true,"href":"https:\/\/kutuphane.tema.k12.tr\/index.php\/wp-json\/wp\/v2\/media\/11044"}],"wp:attachment":[{"href":"https:\/\/kutuphane.tema.k12.tr\/index.php\/wp-json\/wp\/v2\/media?parent=11011"}],"wp:term":[{"taxonomy":"product_cat","embeddable":true,"href":"https:\/\/kutuphane.tema.k12.tr\/index.php\/wp-json\/wp\/v2\/product_cat?post=11011"},{"taxonomy":"product_tag","embeddable":true,"href":"https:\/\/kutuphane.tema.k12.tr\/index.php\/wp-json\/wp\/v2\/product_tag?post=11011"}],"curies":[{"name":"wp","href":"https:\/\/api.w.org\/{rel}","templated":true}]}}