{"id":11010,"date":"2021-01-26T13:43:41","date_gmt":"2021-01-26T13:43:41","guid":{"rendered":"http:\/\/kutuphane.tema.k12.tr\/index.php\/urun\/degerler-egitimi-9-bal-partisi\/"},"modified":"2021-01-27T11:00:07","modified_gmt":"2021-01-27T11:00:07","slug":"degerler-egitimi-9-bal-partisi","status":"publish","type":"product","link":"https:\/\/kutuphane.tema.k12.tr\/index.php\/urun\/degerler-egitimi-9-bal-partisi\/","title":{"rendered":"DE\u011eERLER E\u011e\u0130T\u0130M\u0130-9 BAL PART\u0130S\u0130"},"content":{"rendered":"<p>DE\u011eERLER E\u011e\u0130T\u0130M\u0130 K\u0130TABI AMA REHBERL\u0130K B\u00d6L\u00dcM\u00dcNE EKLEMEM \u0130STEND\u0130 (D\u0130DEM \u015eEN)<\/p>\n","protected":false},"excerpt":{"rendered":"<p>DE\u011eERLER E\u011e\u0130T\u0130M\u0130 K\u0130TABI AMA REHBERL\u0130K B\u00d6L\u00dcM\u00dcNE EKLEMEM \u0130STEND\u0130 (D\u0130DEM \u015eEN)<\/p>\n","protected":false},"featured_media":11360,"comment_status":"open","ping_status":"closed","template":"","meta":{"_regular_price":[],"currency_symbol":[]},"product_cat":[548],"product_tag":[47,50],"class_list":{"0":"post-11010","1":"product","2":"type-product","3":"status-publish","4":"has-post-thumbnail","6":"product_cat-rehberlik","7":"product_tag-cocuk","8":"product_tag-erdem","10":"first","11":"instock","12":"shipping-taxable","13":"product-type-simple"},"post_slider_layout_featured_media_urls":{"thumbnail":["https:\/\/kutuphane.tema.k12.tr\/wp-content\/uploads\/2021\/01\/IMG_20210127_135117-150x150.jpg",150,150,true],"post_slider_layout_landscape_large":["https:\/\/kutuphane.tema.k12.tr\/wp-content\/uploads\/2021\/01\/IMG_20210127_135117-scaled.jpg",600,800,false],"post_slider_layout_portrait_large":["https:\/\/kutuphane.tema.k12.tr\/wp-content\/uploads\/2021\/01\/IMG_20210127_135117-scaled.jpg",1200,1600,false],"post_slider_layout_square_large":["https:\/\/kutuphane.tema.k12.tr\/wp-content\/uploads\/2021\/01\/IMG_20210127_135117-scaled.jpg",900,1200,false],"post_slider_layout_landscape":["https:\/\/kutuphane.tema.k12.tr\/wp-content\/uploads\/2021\/01\/IMG_20210127_135117-scaled.jpg",300,400,false],"post_slider_layout_portrait":["https:\/\/kutuphane.tema.k12.tr\/wp-content\/uploads\/2021\/01\/IMG_20210127_135117-scaled.jpg",600,800,false],"post_slider_layout_square":["https:\/\/kutuphane.tema.k12.tr\/wp-content\/uploads\/2021\/01\/IMG_20210127_135117-scaled.jpg",450,600,false],"full":["https:\/\/kutuphane.tema.k12.tr\/wp-content\/uploads\/2021\/01\/IMG_20210127_135117-scaled.jpg",1920,2560,false]},"_links":{"self":[{"href":"https:\/\/kutuphane.tema.k12.tr\/index.php\/wp-json\/wp\/v2\/product\/11010","targetHints":{"allow":["GET"]}}],"collection":[{"href":"https:\/\/kutuphane.tema.k12.tr\/index.php\/wp-json\/wp\/v2\/product"}],"about":[{"href":"https:\/\/kutuphane.tema.k12.tr\/index.php\/wp-json\/wp\/v2\/types\/product"}],"replies":[{"embeddable":true,"href":"https:\/\/kutuphane.tema.k12.tr\/index.php\/wp-json\/wp\/v2\/comments?post=11010"}],"wp:featuredmedia":[{"embeddable":true,"href":"https:\/\/kutuphane.tema.k12.tr\/index.php\/wp-json\/wp\/v2\/media\/11360"}],"wp:attachment":[{"href":"https:\/\/kutuphane.tema.k12.tr\/index.php\/wp-json\/wp\/v2\/media?parent=11010"}],"wp:term":[{"taxonomy":"product_cat","embeddable":true,"href":"https:\/\/kutuphane.tema.k12.tr\/index.php\/wp-json\/wp\/v2\/product_cat?post=11010"},{"taxonomy":"product_tag","embeddable":true,"href":"https:\/\/kutuphane.tema.k12.tr\/index.php\/wp-json\/wp\/v2\/product_tag?post=11010"}],"curies":[{"name":"wp","href":"https:\/\/api.w.org\/{rel}","templated":true}]}}