{"id":10999,"date":"2021-01-26T13:43:37","date_gmt":"2021-01-26T13:43:37","guid":{"rendered":"http:\/\/kutuphane.tema.k12.tr\/index.php\/urun\/alper-babam-kadar-guclu-muyum\/"},"modified":"2021-01-27T07:59:27","modified_gmt":"2021-01-27T07:59:27","slug":"alper-babam-kadar-guclu-muyum","status":"publish","type":"product","link":"https:\/\/kutuphane.tema.k12.tr\/index.php\/urun\/alper-babam-kadar-guclu-muyum\/","title":{"rendered":"ALPER BABAM KADAR G\u00dc\u00c7L\u00dc M\u00dcY\u00dcM?"},"content":{"rendered":"","protected":false},"excerpt":{"rendered":"","protected":false},"featured_media":11322,"comment_status":"open","ping_status":"closed","template":"","meta":{"_regular_price":[],"currency_symbol":[]},"product_cat":[548],"product_tag":[47,105],"class_list":{"0":"post-10999","1":"product","2":"type-product","3":"status-publish","4":"has-post-thumbnail","6":"product_cat-rehberlik","7":"product_tag-cocuk","8":"product_tag-timas","10":"first","11":"instock","12":"shipping-taxable","13":"product-type-simple"},"post_slider_layout_featured_media_urls":{"thumbnail":["https:\/\/kutuphane.tema.k12.tr\/wp-content\/uploads\/2021\/01\/8800196001842-150x150.jpg",150,150,true],"post_slider_layout_landscape_large":["https:\/\/kutuphane.tema.k12.tr\/wp-content\/uploads\/2021\/01\/8800196001842.jpg",302,402,false],"post_slider_layout_portrait_large":["https:\/\/kutuphane.tema.k12.tr\/wp-content\/uploads\/2021\/01\/8800196001842.jpg",302,402,false],"post_slider_layout_square_large":["https:\/\/kutuphane.tema.k12.tr\/wp-content\/uploads\/2021\/01\/8800196001842.jpg",302,402,false],"post_slider_layout_landscape":["https:\/\/kutuphane.tema.k12.tr\/wp-content\/uploads\/2021\/01\/8800196001842.jpg",300,400,false],"post_slider_layout_portrait":["https:\/\/kutuphane.tema.k12.tr\/wp-content\/uploads\/2021\/01\/8800196001842.jpg",302,402,false],"post_slider_layout_square":["https:\/\/kutuphane.tema.k12.tr\/wp-content\/uploads\/2021\/01\/8800196001842.jpg",302,402,false],"full":["https:\/\/kutuphane.tema.k12.tr\/wp-content\/uploads\/2021\/01\/8800196001842.jpg",302,402,false]},"_links":{"self":[{"href":"https:\/\/kutuphane.tema.k12.tr\/index.php\/wp-json\/wp\/v2\/product\/10999","targetHints":{"allow":["GET"]}}],"collection":[{"href":"https:\/\/kutuphane.tema.k12.tr\/index.php\/wp-json\/wp\/v2\/product"}],"about":[{"href":"https:\/\/kutuphane.tema.k12.tr\/index.php\/wp-json\/wp\/v2\/types\/product"}],"replies":[{"embeddable":true,"href":"https:\/\/kutuphane.tema.k12.tr\/index.php\/wp-json\/wp\/v2\/comments?post=10999"}],"wp:featuredmedia":[{"embeddable":true,"href":"https:\/\/kutuphane.tema.k12.tr\/index.php\/wp-json\/wp\/v2\/media\/11322"}],"wp:attachment":[{"href":"https:\/\/kutuphane.tema.k12.tr\/index.php\/wp-json\/wp\/v2\/media?parent=10999"}],"wp:term":[{"taxonomy":"product_cat","embeddable":true,"href":"https:\/\/kutuphane.tema.k12.tr\/index.php\/wp-json\/wp\/v2\/product_cat?post=10999"},{"taxonomy":"product_tag","embeddable":true,"href":"https:\/\/kutuphane.tema.k12.tr\/index.php\/wp-json\/wp\/v2\/product_tag?post=10999"}],"curies":[{"name":"wp","href":"https:\/\/api.w.org\/{rel}","templated":true}]}}