{"id":10984,"date":"2021-01-26T13:43:32","date_gmt":"2021-01-26T13:43:32","guid":{"rendered":"http:\/\/kutuphane.tema.k12.tr\/index.php\/urun\/haluk-yavuzer-resimleriyle-cocuk\/"},"modified":"2021-01-27T10:16:30","modified_gmt":"2021-01-27T10:16:30","slug":"haluk-yavuzer-resimleriyle-cocuk","status":"publish","type":"product","link":"https:\/\/kutuphane.tema.k12.tr\/index.php\/urun\/haluk-yavuzer-resimleriyle-cocuk\/","title":{"rendered":"HALUK YAVUZER RES\u0130MLER\u0130YLE \u00c7OCUK"},"content":{"rendered":"","protected":false},"excerpt":{"rendered":"","protected":false},"featured_media":11344,"comment_status":"open","ping_status":"closed","template":"","meta":{"_regular_price":[],"currency_symbol":[]},"product_cat":[548],"product_tag":[180,98],"class_list":{"0":"post-10984","1":"product","2":"type-product","3":"status-publish","4":"has-post-thumbnail","6":"product_cat-rehberlik","7":"product_tag-kitapevi","8":"product_tag-remzi","10":"first","11":"instock","12":"shipping-taxable","13":"product-type-simple"},"post_slider_layout_featured_media_urls":{"thumbnail":["https:\/\/kutuphane.tema.k12.tr\/wp-content\/uploads\/2021\/01\/10364373663794-150x150.jpg",150,150,true],"post_slider_layout_landscape_large":["https:\/\/kutuphane.tema.k12.tr\/wp-content\/uploads\/2021\/01\/10364373663794.jpg",280,413,false],"post_slider_layout_portrait_large":["https:\/\/kutuphane.tema.k12.tr\/wp-content\/uploads\/2021\/01\/10364373663794.jpg",280,413,false],"post_slider_layout_square_large":["https:\/\/kutuphane.tema.k12.tr\/wp-content\/uploads\/2021\/01\/10364373663794.jpg",280,413,false],"post_slider_layout_landscape":["https:\/\/kutuphane.tema.k12.tr\/wp-content\/uploads\/2021\/01\/10364373663794.jpg",271,400,false],"post_slider_layout_portrait":["https:\/\/kutuphane.tema.k12.tr\/wp-content\/uploads\/2021\/01\/10364373663794.jpg",280,413,false],"post_slider_layout_square":["https:\/\/kutuphane.tema.k12.tr\/wp-content\/uploads\/2021\/01\/10364373663794.jpg",280,413,false],"full":["https:\/\/kutuphane.tema.k12.tr\/wp-content\/uploads\/2021\/01\/10364373663794.jpg",280,413,false]},"_links":{"self":[{"href":"https:\/\/kutuphane.tema.k12.tr\/index.php\/wp-json\/wp\/v2\/product\/10984","targetHints":{"allow":["GET"]}}],"collection":[{"href":"https:\/\/kutuphane.tema.k12.tr\/index.php\/wp-json\/wp\/v2\/product"}],"about":[{"href":"https:\/\/kutuphane.tema.k12.tr\/index.php\/wp-json\/wp\/v2\/types\/product"}],"replies":[{"embeddable":true,"href":"https:\/\/kutuphane.tema.k12.tr\/index.php\/wp-json\/wp\/v2\/comments?post=10984"}],"wp:featuredmedia":[{"embeddable":true,"href":"https:\/\/kutuphane.tema.k12.tr\/index.php\/wp-json\/wp\/v2\/media\/11344"}],"wp:attachment":[{"href":"https:\/\/kutuphane.tema.k12.tr\/index.php\/wp-json\/wp\/v2\/media?parent=10984"}],"wp:term":[{"taxonomy":"product_cat","embeddable":true,"href":"https:\/\/kutuphane.tema.k12.tr\/index.php\/wp-json\/wp\/v2\/product_cat?post=10984"},{"taxonomy":"product_tag","embeddable":true,"href":"https:\/\/kutuphane.tema.k12.tr\/index.php\/wp-json\/wp\/v2\/product_tag?post=10984"}],"curies":[{"name":"wp","href":"https:\/\/api.w.org\/{rel}","templated":true}]}}