{"id":10938,"date":"2021-01-26T13:42:52","date_gmt":"2021-01-26T13:42:52","guid":{"rendered":"http:\/\/kutuphane.tema.k12.tr\/index.php\/urun\/kakoloji-kendini-kesfetme-oyunu\/"},"modified":"2021-02-08T06:58:07","modified_gmt":"2021-02-08T06:58:07","slug":"kakoloji-kendini-kesfetme-oyunu","status":"publish","type":"product","link":"https:\/\/kutuphane.tema.k12.tr\/index.php\/urun\/kakoloji-kendini-kesfetme-oyunu\/","title":{"rendered":"KAKOLOJ\u0130 KEND\u0130N\u0130 KE\u015eFETME OYUNU"},"content":{"rendered":"<p>NESL\u0130HAN HOCA EVDEN GET\u0130RD\u0130<\/p>\n","protected":false},"excerpt":{"rendered":"<p>\u0130PEK DJAFER<\/p>\n","protected":false},"featured_media":11480,"comment_status":"open","ping_status":"closed","template":"","meta":{"_regular_price":[],"currency_symbol":[]},"product_cat":[435],"product_tag":[115,445],"class_list":{"0":"post-10938","1":"product","2":"type-product","3":"status-publish","4":"has-post-thumbnail","6":"product_cat-ogretmen-okuma-kitaplari","7":"product_tag-kitaplar","8":"product_tag-o","10":"first","11":"instock","12":"shipping-taxable","13":"product-type-simple"},"post_slider_layout_featured_media_urls":{"thumbnail":["https:\/\/kutuphane.tema.k12.tr\/wp-content\/uploads\/2021\/01\/133115b-150x150.jpg",150,150,true],"post_slider_layout_landscape_large":["https:\/\/kutuphane.tema.k12.tr\/wp-content\/uploads\/2021\/01\/133115b.jpg",175,246,false],"post_slider_layout_portrait_large":["https:\/\/kutuphane.tema.k12.tr\/wp-content\/uploads\/2021\/01\/133115b.jpg",175,246,false],"post_slider_layout_square_large":["https:\/\/kutuphane.tema.k12.tr\/wp-content\/uploads\/2021\/01\/133115b.jpg",175,246,false],"post_slider_layout_landscape":["https:\/\/kutuphane.tema.k12.tr\/wp-content\/uploads\/2021\/01\/133115b.jpg",175,246,false],"post_slider_layout_portrait":["https:\/\/kutuphane.tema.k12.tr\/wp-content\/uploads\/2021\/01\/133115b.jpg",175,246,false],"post_slider_layout_square":["https:\/\/kutuphane.tema.k12.tr\/wp-content\/uploads\/2021\/01\/133115b.jpg",175,246,false],"full":["https:\/\/kutuphane.tema.k12.tr\/wp-content\/uploads\/2021\/01\/133115b.jpg",175,246,false]},"_links":{"self":[{"href":"https:\/\/kutuphane.tema.k12.tr\/index.php\/wp-json\/wp\/v2\/product\/10938","targetHints":{"allow":["GET"]}}],"collection":[{"href":"https:\/\/kutuphane.tema.k12.tr\/index.php\/wp-json\/wp\/v2\/product"}],"about":[{"href":"https:\/\/kutuphane.tema.k12.tr\/index.php\/wp-json\/wp\/v2\/types\/product"}],"replies":[{"embeddable":true,"href":"https:\/\/kutuphane.tema.k12.tr\/index.php\/wp-json\/wp\/v2\/comments?post=10938"}],"wp:featuredmedia":[{"embeddable":true,"href":"https:\/\/kutuphane.tema.k12.tr\/index.php\/wp-json\/wp\/v2\/media\/11480"}],"wp:attachment":[{"href":"https:\/\/kutuphane.tema.k12.tr\/index.php\/wp-json\/wp\/v2\/media?parent=10938"}],"wp:term":[{"taxonomy":"product_cat","embeddable":true,"href":"https:\/\/kutuphane.tema.k12.tr\/index.php\/wp-json\/wp\/v2\/product_cat?post=10938"},{"taxonomy":"product_tag","embeddable":true,"href":"https:\/\/kutuphane.tema.k12.tr\/index.php\/wp-json\/wp\/v2\/product_tag?post=10938"}],"curies":[{"name":"wp","href":"https:\/\/api.w.org\/{rel}","templated":true}]}}