{"id":10906,"date":"2021-01-26T13:42:38","date_gmt":"2021-01-26T13:42:38","guid":{"rendered":"http:\/\/kutuphane.tema.k12.tr\/index.php\/urun\/lego-fikirleri-kitabi\/"},"modified":"2021-01-27T13:38:15","modified_gmt":"2021-01-27T13:38:15","slug":"lego-fikirleri-kitabi","status":"publish","type":"product","link":"https:\/\/kutuphane.tema.k12.tr\/index.php\/urun\/lego-fikirleri-kitabi\/","title":{"rendered":"LEGO F\u0130K\u0130RLER\u0130 K\u0130TABI"},"content":{"rendered":"","protected":false},"excerpt":{"rendered":"<p>LEGO<\/p>\n","protected":false},"featured_media":11384,"comment_status":"open","ping_status":"closed","template":"","meta":{"_regular_price":[],"currency_symbol":[]},"product_cat":[426],"product_tag":[],"class_list":{"0":"post-10906","1":"product","2":"type-product","3":"status-publish","4":"has-post-thumbnail","6":"product_cat-maker-robotik","8":"first","9":"instock","10":"shipping-taxable","11":"product-type-simple"},"post_slider_layout_featured_media_urls":{"thumbnail":["https:\/\/kutuphane.tema.k12.tr\/wp-content\/uploads\/2021\/01\/IMG_20210127_163512-150x150.jpg",150,150,true],"post_slider_layout_landscape_large":["https:\/\/kutuphane.tema.k12.tr\/wp-content\/uploads\/2021\/01\/IMG_20210127_163512-scaled.jpg",633,800,false],"post_slider_layout_portrait_large":["https:\/\/kutuphane.tema.k12.tr\/wp-content\/uploads\/2021\/01\/IMG_20210127_163512-scaled.jpg",1200,1518,false],"post_slider_layout_square_large":["https:\/\/kutuphane.tema.k12.tr\/wp-content\/uploads\/2021\/01\/IMG_20210127_163512-scaled.jpg",949,1200,false],"post_slider_layout_landscape":["https:\/\/kutuphane.tema.k12.tr\/wp-content\/uploads\/2021\/01\/IMG_20210127_163512-scaled.jpg",316,400,false],"post_slider_layout_portrait":["https:\/\/kutuphane.tema.k12.tr\/wp-content\/uploads\/2021\/01\/IMG_20210127_163512-scaled.jpg",600,759,false],"post_slider_layout_square":["https:\/\/kutuphane.tema.k12.tr\/wp-content\/uploads\/2021\/01\/IMG_20210127_163512-scaled.jpg",474,600,false],"full":["https:\/\/kutuphane.tema.k12.tr\/wp-content\/uploads\/2021\/01\/IMG_20210127_163512-scaled.jpg",2024,2560,false]},"_links":{"self":[{"href":"https:\/\/kutuphane.tema.k12.tr\/index.php\/wp-json\/wp\/v2\/product\/10906","targetHints":{"allow":["GET"]}}],"collection":[{"href":"https:\/\/kutuphane.tema.k12.tr\/index.php\/wp-json\/wp\/v2\/product"}],"about":[{"href":"https:\/\/kutuphane.tema.k12.tr\/index.php\/wp-json\/wp\/v2\/types\/product"}],"replies":[{"embeddable":true,"href":"https:\/\/kutuphane.tema.k12.tr\/index.php\/wp-json\/wp\/v2\/comments?post=10906"}],"wp:featuredmedia":[{"embeddable":true,"href":"https:\/\/kutuphane.tema.k12.tr\/index.php\/wp-json\/wp\/v2\/media\/11384"}],"wp:attachment":[{"href":"https:\/\/kutuphane.tema.k12.tr\/index.php\/wp-json\/wp\/v2\/media?parent=10906"}],"wp:term":[{"taxonomy":"product_cat","embeddable":true,"href":"https:\/\/kutuphane.tema.k12.tr\/index.php\/wp-json\/wp\/v2\/product_cat?post=10906"},{"taxonomy":"product_tag","embeddable":true,"href":"https:\/\/kutuphane.tema.k12.tr\/index.php\/wp-json\/wp\/v2\/product_tag?post=10906"}],"curies":[{"name":"wp","href":"https:\/\/api.w.org\/{rel}","templated":true}]}}