{"id":10898,"date":"2021-01-26T13:42:35","date_gmt":"2021-01-26T13:42:35","guid":{"rendered":"http:\/\/kutuphane.tema.k12.tr\/index.php\/urun\/eglenceli-kodlama-etkinlikleri-4-seviye\/"},"modified":"2021-01-27T12:12:58","modified_gmt":"2021-01-27T12:12:58","slug":"eglenceli-kodlama-etkinlikleri-4-seviye","status":"publish","type":"product","link":"https:\/\/kutuphane.tema.k12.tr\/index.php\/urun\/eglenceli-kodlama-etkinlikleri-4-seviye\/","title":{"rendered":"E\u011eLENCEL\u0130 KODLAMA ETK\u0130NL\u0130KLER\u0130-4. SEV\u0130YE"},"content":{"rendered":"","protected":false},"excerpt":{"rendered":"<p>MEHMET BA\u011eMANCI<\/p>\n","protected":false},"featured_media":11374,"comment_status":"open","ping_status":"closed","template":"","meta":{"_regular_price":[],"currency_symbol":[]},"product_cat":[426],"product_tag":[291,118],"class_list":{"0":"post-10898","1":"product","2":"type-product","3":"status-publish","4":"has-post-thumbnail","6":"product_cat-maker-robotik","7":"product_tag-ata","8":"product_tag-yayincilik","10":"first","11":"instock","12":"shipping-taxable","13":"product-type-simple"},"post_slider_layout_featured_media_urls":{"thumbnail":["https:\/\/kutuphane.tema.k12.tr\/wp-content\/uploads\/2021\/01\/10196341555250-150x150.jpg",150,150,true],"post_slider_layout_landscape_large":["https:\/\/kutuphane.tema.k12.tr\/wp-content\/uploads\/2021\/01\/10196341555250.jpg",280,413,false],"post_slider_layout_portrait_large":["https:\/\/kutuphane.tema.k12.tr\/wp-content\/uploads\/2021\/01\/10196341555250.jpg",280,413,false],"post_slider_layout_square_large":["https:\/\/kutuphane.tema.k12.tr\/wp-content\/uploads\/2021\/01\/10196341555250.jpg",280,413,false],"post_slider_layout_landscape":["https:\/\/kutuphane.tema.k12.tr\/wp-content\/uploads\/2021\/01\/10196341555250.jpg",271,400,false],"post_slider_layout_portrait":["https:\/\/kutuphane.tema.k12.tr\/wp-content\/uploads\/2021\/01\/10196341555250.jpg",280,413,false],"post_slider_layout_square":["https:\/\/kutuphane.tema.k12.tr\/wp-content\/uploads\/2021\/01\/10196341555250.jpg",280,413,false],"full":["https:\/\/kutuphane.tema.k12.tr\/wp-content\/uploads\/2021\/01\/10196341555250.jpg",280,413,false]},"_links":{"self":[{"href":"https:\/\/kutuphane.tema.k12.tr\/index.php\/wp-json\/wp\/v2\/product\/10898","targetHints":{"allow":["GET"]}}],"collection":[{"href":"https:\/\/kutuphane.tema.k12.tr\/index.php\/wp-json\/wp\/v2\/product"}],"about":[{"href":"https:\/\/kutuphane.tema.k12.tr\/index.php\/wp-json\/wp\/v2\/types\/product"}],"replies":[{"embeddable":true,"href":"https:\/\/kutuphane.tema.k12.tr\/index.php\/wp-json\/wp\/v2\/comments?post=10898"}],"wp:featuredmedia":[{"embeddable":true,"href":"https:\/\/kutuphane.tema.k12.tr\/index.php\/wp-json\/wp\/v2\/media\/11374"}],"wp:attachment":[{"href":"https:\/\/kutuphane.tema.k12.tr\/index.php\/wp-json\/wp\/v2\/media?parent=10898"}],"wp:term":[{"taxonomy":"product_cat","embeddable":true,"href":"https:\/\/kutuphane.tema.k12.tr\/index.php\/wp-json\/wp\/v2\/product_cat?post=10898"},{"taxonomy":"product_tag","embeddable":true,"href":"https:\/\/kutuphane.tema.k12.tr\/index.php\/wp-json\/wp\/v2\/product_tag?post=10898"}],"curies":[{"name":"wp","href":"https:\/\/api.w.org\/{rel}","templated":true}]}}