{"id":10739,"date":"2021-01-26T13:41:31","date_gmt":"2021-01-26T13:41:31","guid":{"rendered":"http:\/\/kutuphane.tema.k12.tr\/index.php\/urun\/konyada-iz-pesinde\/"},"modified":"2021-01-26T13:41:31","modified_gmt":"2021-01-26T13:41:31","slug":"konyada-iz-pesinde","status":"publish","type":"product","link":"https:\/\/kutuphane.tema.k12.tr\/index.php\/urun\/konyada-iz-pesinde\/","title":{"rendered":"KONYA&#8217;DA \u0130Z PE\u015e\u0130NDE"},"content":{"rendered":"","protected":false},"excerpt":{"rendered":"<p>\u0130D\u0130L B\u0130LG\u0130N SA\u0130T<\/p>\n","protected":false},"featured_media":0,"comment_status":"open","ping_status":"closed","template":"","meta":{"_regular_price":[],"currency_symbol":[]},"product_cat":[374],"product_tag":[144],"class_list":{"0":"post-10739","1":"product","2":"type-product","3":"status-publish","5":"product_cat-kaynak-kitap","6":"product_tag-bulut","8":"first","9":"instock","10":"shipping-taxable","11":"product-type-simple"},"post_slider_layout_featured_media_urls":{"thumbnail":"","post_slider_layout_landscape_large":"","post_slider_layout_portrait_large":"","post_slider_layout_square_large":"","post_slider_layout_landscape":"","post_slider_layout_portrait":"","post_slider_layout_square":"","full":""},"_links":{"self":[{"href":"https:\/\/kutuphane.tema.k12.tr\/index.php\/wp-json\/wp\/v2\/product\/10739","targetHints":{"allow":["GET"]}}],"collection":[{"href":"https:\/\/kutuphane.tema.k12.tr\/index.php\/wp-json\/wp\/v2\/product"}],"about":[{"href":"https:\/\/kutuphane.tema.k12.tr\/index.php\/wp-json\/wp\/v2\/types\/product"}],"replies":[{"embeddable":true,"href":"https:\/\/kutuphane.tema.k12.tr\/index.php\/wp-json\/wp\/v2\/comments?post=10739"}],"wp:attachment":[{"href":"https:\/\/kutuphane.tema.k12.tr\/index.php\/wp-json\/wp\/v2\/media?parent=10739"}],"wp:term":[{"taxonomy":"product_cat","embeddable":true,"href":"https:\/\/kutuphane.tema.k12.tr\/index.php\/wp-json\/wp\/v2\/product_cat?post=10739"},{"taxonomy":"product_tag","embeddable":true,"href":"https:\/\/kutuphane.tema.k12.tr\/index.php\/wp-json\/wp\/v2\/product_tag?post=10739"}],"curies":[{"name":"wp","href":"https:\/\/api.w.org\/{rel}","templated":true}]}}