{"id":10657,"date":"2021-01-26T13:40:54","date_gmt":"2021-01-26T13:40:54","guid":{"rendered":"http:\/\/kutuphane.tema.k12.tr\/index.php\/urun\/hutter-dolu-buluslar-uzun-zaman-once-1\/"},"modified":"2021-01-26T13:40:54","modified_gmt":"2021-01-26T13:40:54","slug":"hutter-dolu-buluslar-uzun-zaman-once-1","status":"publish","type":"product","link":"https:\/\/kutuphane.tema.k12.tr\/index.php\/urun\/hutter-dolu-buluslar-uzun-zaman-once-1\/","title":{"rendered":"H\u00dcTTER DOLU BULU\u015eLAR-UZUN ZAMAN \u00d6NCE-1"},"content":{"rendered":"","protected":false},"excerpt":{"rendered":"","protected":false},"featured_media":0,"comment_status":"open","ping_status":"closed","template":"","meta":{"_regular_price":[],"currency_symbol":[]},"product_cat":[374],"product_tag":[155,47],"class_list":{"0":"post-10657","1":"product","2":"type-product","3":"status-publish","5":"product_cat-kaynak-kitap","6":"product_tag-caretta","7":"product_tag-cocuk","9":"first","10":"instock","11":"shipping-taxable","12":"product-type-simple"},"post_slider_layout_featured_media_urls":{"thumbnail":"","post_slider_layout_landscape_large":"","post_slider_layout_portrait_large":"","post_slider_layout_square_large":"","post_slider_layout_landscape":"","post_slider_layout_portrait":"","post_slider_layout_square":"","full":""},"_links":{"self":[{"href":"https:\/\/kutuphane.tema.k12.tr\/index.php\/wp-json\/wp\/v2\/product\/10657","targetHints":{"allow":["GET"]}}],"collection":[{"href":"https:\/\/kutuphane.tema.k12.tr\/index.php\/wp-json\/wp\/v2\/product"}],"about":[{"href":"https:\/\/kutuphane.tema.k12.tr\/index.php\/wp-json\/wp\/v2\/types\/product"}],"replies":[{"embeddable":true,"href":"https:\/\/kutuphane.tema.k12.tr\/index.php\/wp-json\/wp\/v2\/comments?post=10657"}],"wp:attachment":[{"href":"https:\/\/kutuphane.tema.k12.tr\/index.php\/wp-json\/wp\/v2\/media?parent=10657"}],"wp:term":[{"taxonomy":"product_cat","embeddable":true,"href":"https:\/\/kutuphane.tema.k12.tr\/index.php\/wp-json\/wp\/v2\/product_cat?post=10657"},{"taxonomy":"product_tag","embeddable":true,"href":"https:\/\/kutuphane.tema.k12.tr\/index.php\/wp-json\/wp\/v2\/product_tag?post=10657"}],"curies":[{"name":"wp","href":"https:\/\/api.w.org\/{rel}","templated":true}]}}