{"id":10477,"date":"2021-01-26T13:39:12","date_gmt":"2021-01-26T13:39:12","guid":{"rendered":"http:\/\/kutuphane.tema.k12.tr\/index.php\/urun\/ara-guler-ile-fotografin-sihirli-dunyasina-yolculuk\/"},"modified":"2021-01-26T13:39:12","modified_gmt":"2021-01-26T13:39:12","slug":"ara-guler-ile-fotografin-sihirli-dunyasina-yolculuk","status":"publish","type":"product","link":"https:\/\/kutuphane.tema.k12.tr\/index.php\/urun\/ara-guler-ile-fotografin-sihirli-dunyasina-yolculuk\/","title":{"rendered":"ARA G\u00dcLER \u0130LE FOTO\u011eRAFIN S\u0130H\u0130RL\u0130 D\u00dcNYASINA YOLCULUK"},"content":{"rendered":"","protected":false},"excerpt":{"rendered":"<p>ES\u0130N G\u00dcLER<\/p>\n","protected":false},"featured_media":0,"comment_status":"open","ping_status":"closed","template":"","meta":{"_regular_price":[],"currency_symbol":[]},"product_cat":[374],"product_tag":[161,160],"class_list":{"0":"post-10477","1":"product","2":"type-product","3":"status-publish","5":"product_cat-kaynak-kitap","6":"product_tag-kare","7":"product_tag-poti","9":"first","10":"instock","11":"shipping-taxable","12":"product-type-simple"},"post_slider_layout_featured_media_urls":{"thumbnail":"","post_slider_layout_landscape_large":"","post_slider_layout_portrait_large":"","post_slider_layout_square_large":"","post_slider_layout_landscape":"","post_slider_layout_portrait":"","post_slider_layout_square":"","full":""},"_links":{"self":[{"href":"https:\/\/kutuphane.tema.k12.tr\/index.php\/wp-json\/wp\/v2\/product\/10477","targetHints":{"allow":["GET"]}}],"collection":[{"href":"https:\/\/kutuphane.tema.k12.tr\/index.php\/wp-json\/wp\/v2\/product"}],"about":[{"href":"https:\/\/kutuphane.tema.k12.tr\/index.php\/wp-json\/wp\/v2\/types\/product"}],"replies":[{"embeddable":true,"href":"https:\/\/kutuphane.tema.k12.tr\/index.php\/wp-json\/wp\/v2\/comments?post=10477"}],"wp:attachment":[{"href":"https:\/\/kutuphane.tema.k12.tr\/index.php\/wp-json\/wp\/v2\/media?parent=10477"}],"wp:term":[{"taxonomy":"product_cat","embeddable":true,"href":"https:\/\/kutuphane.tema.k12.tr\/index.php\/wp-json\/wp\/v2\/product_cat?post=10477"},{"taxonomy":"product_tag","embeddable":true,"href":"https:\/\/kutuphane.tema.k12.tr\/index.php\/wp-json\/wp\/v2\/product_tag?post=10477"}],"curies":[{"name":"wp","href":"https:\/\/api.w.org\/{rel}","templated":true}]}}